{"id":435,"date":"2024-07-07T13:20:12","date_gmt":"2024-07-07T10:20:12","guid":{"rendered":"http:\/\/ankaratarimdanismanlik.com\/?page_id=435"},"modified":"2024-08-07T13:29:55","modified_gmt":"2024-08-07T10:29:55","slug":"sss","status":"publish","type":"page","link":"https:\/\/ankaratarimdanismanlik.com\/en\/sss\/","title":{"rendered":"FAQ"},"content":{"rendered":"<p>Siz sorun biz cevaplayal\u0131m&#8230;<\/p>\n<p>Soru 1: Ankara&#8217;daki i\u015flerimizi takip edebilmeniz i\u00e7in ne gerekli?<\/p>\n<p>Cevap 1: \u00d6ncelikle aram\u0131zda bir protokol tanzim ediyoruz.\u00a0 Daha sonra da sizin taraf\u0131m\u0131z\u0131 i\u015flerinizin takibinde temsil edebilmemiz i\u00e7in bir vekaletname vermenizi istiyoruz.\u00a0 Gerisi, i\u015fin i\u00e7eri\u011fine g\u00f6re di\u011fer evraklar ile desteklenmektedir.\u00a0 Detay i\u00e7in aray\u0131n\u0131z.<\/p>\n<p>Soru 2: Belge ve formlar\u0131 kim dolduracak, bu konuda destek ve bilgi veriyor musunuz?<\/p>\n<p>Cevap 2: Her t\u00fcrl\u00fc belge, bilgi ve form konusunda sizin yan\u0131n\u0131zday\u0131z, ilgili ve gerekli t\u00fcm form ve evraklar\u0131 sizin ad\u0131n\u0131za eksiksiz ve en iyi \u015fekilde haz\u0131rl\u0131yor, gidi\u015fat\u0131 konusunda sizi bilgilendiriyoruz.\u00a0 Problem \u00e7\u0131kan noktalarda sizin yerinize problemi \u00e7\u00f6z\u00fcyor yada \u00e7\u00f6z\u00fclmesi i\u00e7in gerekli konuda sizi bilgilendiriyoruz.<\/p>\n<p>Daha detayl\u0131 bilgi ve sormak istedikleriniz i\u00e7in; <a href=\"http:\/\/ankaratarimdanismanlik.com\/iletisim\/\">\u0130leti\u015fim<\/a><\/p>\n<div role=\"form\" class=\"wpcf7\" id=\"wpcf7-f448-o2\" lang=\"tr-TR\" dir=\"ltr\">\n<div class=\"screen-reader-response\"><p role=\"status\" aria-live=\"polite\" aria-atomic=\"true\"><\/p> <ul><\/ul><\/div>\n<form action=\"\/en\/wp-json\/wp\/v2\/pages\/435#wpcf7-f448-o2\" method=\"post\" class=\"wpcf7-form init\" novalidate=\"novalidate\" data-status=\"init\">\n<div style=\"display: none;\">\n<input type=\"hidden\" name=\"_wpcf7\" value=\"448\" \/>\n<input type=\"hidden\" name=\"_wpcf7_version\" value=\"5.6.4\" \/>\n<input type=\"hidden\" name=\"_wpcf7_locale\" value=\"tr_TR\" \/>\n<input type=\"hidden\" name=\"_wpcf7_unit_tag\" value=\"wpcf7-f448-o2\" \/>\n<input type=\"hidden\" name=\"_wpcf7_container_post\" value=\"0\" \/>\n<input type=\"hidden\" name=\"_wpcf7_posted_data_hash\" value=\"\" \/>\n<\/div>\n<p><label> Ad\u0131n\u0131z (gerekli)<br \/>\n    <span class=\"wpcf7-form-control-wrap\" data-name=\"your-name\"><input type=\"text\" name=\"your-name\" value=\"\" size=\"40\" class=\"wpcf7-form-control wpcf7-text wpcf7-validates-as-required\" aria-required=\"true\" aria-invalid=\"false\" \/><\/span> <\/label><\/p>\n<p><label> Epostan\u0131z (gerekli)<br \/>\n    <span class=\"wpcf7-form-control-wrap\" data-name=\"your-email\"><input type=\"email\" name=\"your-email\" value=\"\" size=\"40\" class=\"wpcf7-form-control wpcf7-text wpcf7-email wpcf7-validates-as-required wpcf7-validates-as-email\" aria-required=\"true\" aria-invalid=\"false\" \/><\/span> <\/label><\/p>\n<p><label> Konu<br \/>\n    <span class=\"wpcf7-form-control-wrap\" data-name=\"your-subject\"><input type=\"text\" name=\"your-subject\" value=\"\" size=\"40\" class=\"wpcf7-form-control wpcf7-text\" aria-invalid=\"false\" \/><\/span> <\/label><\/p>\n<p><label> \u0130letiniz<br \/>\n    <span class=\"wpcf7-form-control-wrap\" data-name=\"your-message\"><textarea name=\"your-message\" cols=\"40\" rows=\"10\" class=\"wpcf7-form-control wpcf7-textarea\" aria-invalid=\"false\"><\/textarea><\/span> <\/label><\/p>\n<p><input type=\"submit\" value=\"G\u00f6nder\" class=\"wpcf7-form-control has-spinner wpcf7-submit\" \/><\/p>\n<div class=\"wpcf7-response-output\" aria-hidden=\"true\"><\/div><\/form><\/div><\/p>","protected":false},"excerpt":{"rendered":"<p>Siz sorun biz cevaplayal\u0131m&#8230; Soru 1: Ankara&#8217;daki i\u015flerimizi takip edebilmeniz i\u00e7in ne gerekli? Cevap 1: \u00d6ncelikle aram\u0131zda bir protokol tanzim ediyoruz.\u00a0 Daha sonra da sizin taraf\u0131m\u0131z\u0131 i\u015flerinizin takibinde temsil edebilmemiz i\u00e7in bir vekaletname vermenizi istiyoruz.\u00a0 Gerisi, i\u015fin i\u00e7eri\u011fine g\u00f6re di\u011fer evraklar ile desteklenmektedir.\u00a0 Detay i\u00e7in aray\u0131n\u0131z. Soru 2: Belge ve formlar\u0131 kim dolduracak, bu konuda <a class=\"read-more\" href=\"https:\/\/ankaratarimdanismanlik.com\/en\/sss\/\">Read More<\/a><\/p>\n","protected":false},"author":1,"featured_media":0,"parent":0,"menu_order":0,"comment_status":"closed","ping_status":"closed","template":"templates\/about-us.php","meta":{"om_disable_all_campaigns":false,"_monsterinsights_skip_tracking":false,"_monsterinsights_sitenote_active":false,"_monsterinsights_sitenote_note":"","_monsterinsights_sitenote_category":0},"aioseo_notices":[],"_links":{"self":[{"href":"https:\/\/ankaratarimdanismanlik.com\/en\/wp-json\/wp\/v2\/pages\/435"}],"collection":[{"href":"https:\/\/ankaratarimdanismanlik.com\/en\/wp-json\/wp\/v2\/pages"}],"about":[{"href":"https:\/\/ankaratarimdanismanlik.com\/en\/wp-json\/wp\/v2\/types\/page"}],"author":[{"embeddable":true,"href":"https:\/\/ankaratarimdanismanlik.com\/en\/wp-json\/wp\/v2\/users\/1"}],"replies":[{"embeddable":true,"href":"https:\/\/ankaratarimdanismanlik.com\/en\/wp-json\/wp\/v2\/comments?post=435"}],"version-history":[{"count":5,"href":"https:\/\/ankaratarimdanismanlik.com\/en\/wp-json\/wp\/v2\/pages\/435\/revisions"}],"predecessor-version":[{"id":651,"href":"https:\/\/ankaratarimdanismanlik.com\/en\/wp-json\/wp\/v2\/pages\/435\/revisions\/651"}],"wp:attachment":[{"href":"https:\/\/ankaratarimdanismanlik.com\/en\/wp-json\/wp\/v2\/media?parent=435"}],"curies":[{"name":"wp","href":"https:\/\/api.w.org\/{rel}","templated":true}]}}