{"id":293,"date":"2017-01-20T01:16:48","date_gmt":"2017-01-19T22:16:48","guid":{"rendered":"http:\/\/ankaratarimdanismanlik.com\/?page_id=293"},"modified":"2025-06-17T10:30:34","modified_gmt":"2025-06-17T07:30:34","slug":"referanslarimiz","status":"publish","type":"page","link":"https:\/\/ankaratarimdanismanlik.com\/en\/referanslarimiz\/","title":{"rendered":"Our References"},"content":{"rendered":"<p>[vc_row][vc_column width=&#8221;1\/6&#8243;][vc_single_image image=&#8221;325&#8243; img_size=&#8221;full&#8221;][\/vc_column][vc_column width=&#8221;1\/6&#8243;][vc_single_image image=&#8221;315&#8243; img_size=&#8221;full&#8221;][\/vc_column][vc_column width=&#8221;1\/6&#8243;][vc_single_image image=&#8221;383&#8243; img_size=&#8221;full&#8221;][\/vc_column][vc_column width=&#8221;1\/6&#8243;][vc_single_image image=&#8221;384&#8243; img_size=&#8221;full&#8221;][\/vc_column][vc_column width=&#8221;1\/6&#8243;][vc_single_image image=&#8221;345&#8243; img_size=&#8221;full&#8221;][\/vc_column][vc_column width=&#8221;1\/6&#8243;][vc_single_image image=&#8221;319&#8243; img_size=&#8221;full&#8221;][\/vc_column][\/vc_row][vc_row][vc_column width=&#8221;1\/6&#8243;][vc_single_image image=&#8221;314&#8243; img_size=&#8221;full&#8221;][\/vc_column][vc_column width=&#8221;1\/6&#8243;][vc_single_image image=&#8221;324&#8243; img_size=&#8221;full&#8221;][\/vc_column][vc_column width=&#8221;1\/6&#8243;][vc_single_image image=&#8221;385&#8243; img_size=&#8221;full&#8221;][\/vc_column][vc_column width=&#8221;1\/6&#8243;][vc_single_image image=&#8221;386&#8243; img_size=&#8221;full&#8221;][\/vc_column][vc_column width=&#8221;1\/6&#8243;][vc_single_image image=&#8221;387&#8243; img_size=&#8221;full&#8221;][\/vc_column][vc_column width=&#8221;1\/6&#8243;][vc_single_image image=&#8221;327&#8243; img_size=&#8221;full&#8221;][\/vc_column][\/vc_row][vc_row][vc_column width=&#8221;1\/6&#8243;][vc_single_image image=&#8221;346&#8243; img_size=&#8221;full&#8221;][\/vc_column][vc_column width=&#8221;1\/6&#8243;][vc_single_image image=&#8221;348&#8243; img_size=&#8221;full&#8221;][\/vc_column][vc_column width=&#8221;1\/6&#8243;][vc_single_image image=&#8221;394&#8243; img_size=&#8221;full&#8221;][\/vc_column][vc_column width=&#8221;1\/6&#8243;][vc_single_image image=&#8221;318&#8243; img_size=&#8221;full&#8221;][\/vc_column][vc_column width=&#8221;1\/6&#8243;][vc_single_image image=&#8221;349&#8243; img_size=&#8221;full&#8221;][\/vc_column][vc_column width=&#8221;1\/6&#8243;][vc_single_image image=&#8221;368&#8243; img_size=&#8221;full&#8221;][\/vc_column][\/vc_row][vc_row][vc_column width=&#8221;1\/6&#8243;][vc_single_image image=&#8221;316&#8243; img_size=&#8221;full&#8221;][\/vc_column][vc_column width=&#8221;1\/6&#8243;][vc_single_image image=&#8221;321&#8243; img_size=&#8221;full&#8221;][\/vc_column][vc_column width=&#8221;1\/6&#8243;][vc_single_image image=&#8221;323&#8243; img_size=&#8221;full&#8221;][\/vc_column][vc_column width=&#8221;1\/6&#8243;][vc_single_image image=&#8221;390&#8243; img_size=&#8221;full&#8221;][\/vc_column][vc_column width=&#8221;1\/6&#8243;][vc_single_image image=&#8221;320&#8243; img_size=&#8221;full&#8221;][\/vc_column][vc_column width=&#8221;1\/6&#8243;][vc_single_image image=&#8221;326&#8243; img_size=&#8221;full&#8221;][\/vc_column][\/vc_row][vc_row][vc_column width=&#8221;1\/3&#8243;][vc_column_text]2000 TARIM (ANTALYA)<br \/>\nAGREKAL TARIM (ANTALYA)<br \/>\nAGR\u0130KEM Z\u0130RAAT \u0130LA\u00c7LARI (\u0130ZM\u0130R)<br \/>\nAGROTRADE (HATAY)<br \/>\nAHENK \u0130\u00c7 ve Di\u015e T\u0130C. (ANTALYA)<br \/>\nAJE TARIM \u0130LA\u00c7LARI (\u0130ZM\u0130R)<br \/>\nAKADEM\u0130K TARIM (ANTALYA)<br \/>\nAKDEN\u0130Z Z\u0130RAAT \u0130LA\u00c7LARI (ANTALYA)<br \/>\nALP ATE\u015e G\u00dcBRE (HATAY)<br \/>\nALTIN KARDE\u015eLER (KIR\u015eEH\u0130R)<br \/>\nALTINTAR (ANTALYA)<br \/>\nAMARKO-AMORCO TARIM (ADANA)<br \/>\nANAL\u0130T\u0130K TARIM (ANTALYA)<br \/>\nANAMAS TOHUM (ANTALYA)<br \/>\nANT-LAS (ANTALYA)<br \/>\nANT-STAR (ANTALYA)<br \/>\nANT\u0130LSAN A.\u015e (ANTALYA)<br \/>\nARENA TARIM (ANTALYA)<br \/>\nAR\u0130ER FSC GRUP (\u0130ZM\u0130R)<br \/>\nASOS TARIM (ANTALYA)<br \/>\nA\u015eKIN TARIM (ANTALYA)<br \/>\nATLAS TARIM (ADANA)<br \/>\nATMOSFER LABORATUVARI (Antalya)<br \/>\nAYGEN LAST\u0130K (\u0130STANBUL)<br \/>\nBA\u015eAK TARIM (AYDIN)<br \/>\nBENER TARIM (ANTALYA)<br \/>\nBEREKETL\u0130 F\u0130DE (ANTALYA)<br \/>\nB\u0130OBEST ANT\u0130LSAN (ANTALYA)<br \/>\nB\u0130OGLOBAL (ANTALYA)<br \/>\nB\u0130OGRUP (ANTALYA)<br \/>\nCESA K\u0130MYA (\u0130zmir)<br \/>\nC\u0130FAGRO A.\u015e. (Adana)<br \/>\n\u00c7A\u011eLAYAN TARIM (\u0130stanbul)<br \/>\n\u00c7INAR TARIM (ANTALYA)<br \/>\n\u00c7\u0130TAR TARIM (ANTALYA)<br \/>\n\u00c7OBANO\u011eLU TARIM (ANTALYA)<br \/>\n\u00c7OLAKO\u011eLU K\u0130MYA (\u0130STANBUL)<br \/>\nDA\u015eGAN TARIM (ADANA)<br \/>\nDELTA TARIM (ANTALYA)<br \/>\nDENGE TARIM (MERS\u0130N)<br \/>\nD\u0130LBAZLAR \u0130HRACAAT (ANTALYA)<br \/>\nE-Z TOHUMCULUK (ANTALYA)<br \/>\nE.Y.O EKOLOJ\u0130K YA\u015eAM (ANTALYA)<br \/>\nEGE PLANTEK (\u0130ZM\u0130R)<br \/>\nEKOFARM (ADANA)<br \/>\nEKOL TARIM (ANTALYA)[\/vc_column_text][\/vc_column][vc_column width=&#8221;1\/3&#8243;][vc_column_text]EL\u0130T TARIM (ANTALYA)<br \/>\nESER LAST\u0130K (\u0130ZM\u0130R)<br \/>\nESRA TARIM (ANTALYA)<br \/>\nEYL\u00dcL TARIM (MERS\u0130N)<br \/>\nEY\u015eAN TARIM (ANTALYA)<br \/>\nFAS TARIM (\u0130ZM\u0130R)<br \/>\nFLOGAZ A.\u015e. (\u0130stanbul)<br \/>\nFORM KL\u00dcP ESTET\u0130K (\u0130ZM\u0130R)<br \/>\nGEDES GREENL\u0130NE (\u0130ZM\u0130R)<br \/>\nGENAGRO BEST \u0130LA\u00c7 (\u0130stanbul)<br \/>\nGENSA A.\u015e. (\u0130stanbul)<br \/>\nGLOBAL TARIM (MERS\u0130N)<br \/>\nG\u00dcL TARIM (ISPARTA)<br \/>\nG\u00dcRES TAVUK\u00c7ULUK (MAN\u0130SA)<br \/>\nG\u00dcVEN TARIM (ESK\u0130\u015eEH\u0130R)<br \/>\nG\u00dcZENLER G\u00dcBRE (URFA)<br \/>\nHA\u0130FA (\u0130SRA\u0130L)<br \/>\nHAK K\u0130MYA (KOCAEL\u0130)<br \/>\nHAN G\u00dcBRE (Mersin)<br \/>\nHASEL TARIM (ANTALYA)<br \/>\nHEK\u0130MO\u011eLU Z\u0130RAAT \u0130LA\u00c7LARI (MERS\u0130N)<br \/>\nH\u0130CR\u0130 ERC\u0130L\u0130 (BALIKES\u0130R)<br \/>\nHTK \u0130N\u015eAAT (\u0130stanbul)<br \/>\nIRMAK TARIM (ANTALYA)<br \/>\n\u0130MPA K\u0130YAEV\u0130 MAD. (\u0130STANBUL)<br \/>\n\u0130NTEGRO GIDA (\u0130STANBUL)<br \/>\n\u0130YFA TARIM (ANTALYA)<br \/>\n\u0130ZTAR TARIM (KOCAEL\u0130)<br \/>\nJANLER ISITMA (ANTALYA)<br \/>\nKALENDER GRUP (ANTALYA)<br \/>\nKARSA TARIM (KONYA)<br \/>\nK\u0130MPA\u015e A.\u015e (HATAY)<br \/>\nK\u0130MPET (\u0130ZM\u0130R)<br \/>\nK\u0130MTA TARIM (ANTALYA)<br \/>\nKOZA K\u0130MYA (ANTALYA)<br \/>\nKUBATO\u011eLU TARIM (\u00c7ORUM)<br \/>\nKUMLUCA TARIM (ANTALYA)<br \/>\nLABEN LABORATUARI (ANTALYA)<br \/>\nMAKRO TARIM (ANTALYA)<br \/>\nMARMARA K\u0130MYA (\u0130STANBUL)<br \/>\nMAV\u0130-FURKAN TARIM (ANTALYA)<br \/>\nMEGE TARIM (Antalya)<br \/>\nMERKEZ ANADOLU K\u0130MYA (ANTALYA)<br \/>\nMETAL-K\u0130M (\u0130STANBUL)<br \/>\nMETRO Z\u0130RA\u0130 \u0130LA\u00c7 (URFA)[\/vc_column_text][\/vc_column][vc_column width=&#8221;1\/3&#8243;][vc_column_text]M\u0130MTA TARIM (KONYA)<br \/>\nNAYA G\u00dcBRE (DEN\u0130ZL\u0130)<br \/>\nNEKTAR TARIM (ANTALYA)<br \/>\nNEMA TARIM (ANTALYA)<br \/>\nNEOB\u0130 TOHUMCULUK (\u0130ZM\u0130R)<br \/>\nNOBEL TARIM (ANTALYA)<br \/>\nODAK TARIM (ANTALYA)<br \/>\nOLK\u0130M ENG\u0130N UNCU (ANTALYA)<br \/>\nOLU\u015eUM K\u0130MYA (KOCAEL\u0130)<br \/>\nORDU TARIM (ANTALYA)<br \/>\nORGAN\u0130K GRUP (\u0130STANBUL)<br \/>\nORTA ANADOLU TARIM (AMASYA)<br \/>\n\u00d6ZERO\u011eLU (MERS\u0130N)<br \/>\n\u00d6ZG\u00dcN K\u0130MYA (ADANA)<br \/>\n\u00d6ZVER\u0130M SIVI G\u00dcBRE (\u0130ZM\u0130R)<br \/>\nPAKMAYA (\u0130STANBUL)<br \/>\nPAYAS G\u00dcBRE (HATAY)<br \/>\nPAYKO\u00c7 A.\u015e (\u0130ZM\u0130R)<br \/>\nPLAZMA K\u0130MYA (ANTALYA)<br \/>\nPROKEM (ESK\u0130\u015eEH\u0130R)<br \/>\nR\u0130MERNA TARIM (ANTALYA)<br \/>\nROMPAK (ROMANYA)<br \/>\nROTEM K\u0130MYA (\u0130STANBUL)<br \/>\nSENA-T\u0130SAN TARIM (ANTALYA)<br \/>\nSETO TOHUMCULUK (ANTALYA)<br \/>\nSHEFFER TRANST\u00dcRK (ANTALYA)<br \/>\nSIRDA\u015e TARIM (ANTALYA)<br \/>\nSPN AGRO (Adana)<br \/>\n\u015eAFAKLAR TARIM (KONYA)<br \/>\n\u015eAHTAR TARIM (\u0130ZM\u0130R)<br \/>\nTAGEM Z\u0130RAAT (\u0130STANBUL)<br \/>\nTANRI\u00d6VER DO\u011eU\u015e HASTANES\u0130 (MERS\u0130N)<br \/>\nTATSAN TARIM (ANTALYA)<br \/>\nTEKN\u0130K TARIM (ANTALYA)<br \/>\nTEKNOSER SERA (\u0130ZM\u0130R)<br \/>\nTERA GRUP (ANTALYA)<br \/>\nTESSENDERLO AGROC HEM (U.S.A)<br \/>\nTOPRAK MOTORLU TARIM (ANTALYA)<br \/>\nTURKUAZ TARIM<br \/>\nT\u00dcRPEX TARIM (ANTALYA)<br \/>\nULU\u00c7INAR TARIM (ANTALYA)<br \/>\nUMUT G\u00dcMR\u00dcK (\u0130ZM\u0130R)<br \/>\n\u00dcNVER TARIM (ANTALYA)<br \/>\nYAYICI LAST\u0130K (ANTALYA)[\/vc_column_text][\/vc_column][\/vc_row]<\/p>","protected":false},"excerpt":{"rendered":"<p>[vc_row][vc_column width=&#8221;1\/6&#8243;][vc_single_image image=&#8221;325&#8243; img_size=&#8221;full&#8221;][\/vc_column][vc_column width=&#8221;1\/6&#8243;][vc_single_image image=&#8221;315&#8243; img_size=&#8221;full&#8221;][\/vc_column][vc_column width=&#8221;1\/6&#8243;][vc_single_image image=&#8221;383&#8243; img_size=&#8221;full&#8221;][\/vc_column][vc_column width=&#8221;1\/6&#8243;][vc_single_image image=&#8221;384&#8243; img_size=&#8221;full&#8221;][\/vc_column][vc_column width=&#8221;1\/6&#8243;][vc_single_image image=&#8221;345&#8243; img_size=&#8221;full&#8221;][\/vc_column][vc_column width=&#8221;1\/6&#8243;][vc_single_image image=&#8221;319&#8243; img_size=&#8221;full&#8221;][\/vc_column][\/vc_row][vc_row][vc_column width=&#8221;1\/6&#8243;][vc_single_image image=&#8221;314&#8243; img_size=&#8221;full&#8221;][\/vc_column][vc_column width=&#8221;1\/6&#8243;][vc_single_image image=&#8221;324&#8243; img_size=&#8221;full&#8221;][\/vc_column][vc_column width=&#8221;1\/6&#8243;][vc_single_image image=&#8221;385&#8243; img_size=&#8221;full&#8221;][\/vc_column][vc_column width=&#8221;1\/6&#8243;][vc_single_image image=&#8221;386&#8243; img_size=&#8221;full&#8221;][\/vc_column][vc_column width=&#8221;1\/6&#8243;][vc_single_image image=&#8221;387&#8243; img_size=&#8221;full&#8221;][\/vc_column][vc_column width=&#8221;1\/6&#8243;][vc_single_image image=&#8221;327&#8243; img_size=&#8221;full&#8221;][\/vc_column][\/vc_row][vc_row][vc_column width=&#8221;1\/6&#8243;][vc_single_image image=&#8221;346&#8243; img_size=&#8221;full&#8221;][\/vc_column][vc_column width=&#8221;1\/6&#8243;][vc_single_image image=&#8221;348&#8243; img_size=&#8221;full&#8221;][\/vc_column][vc_column width=&#8221;1\/6&#8243;][vc_single_image image=&#8221;394&#8243; img_size=&#8221;full&#8221;][\/vc_column][vc_column width=&#8221;1\/6&#8243;][vc_single_image image=&#8221;318&#8243; img_size=&#8221;full&#8221;][\/vc_column][vc_column width=&#8221;1\/6&#8243;][vc_single_image image=&#8221;349&#8243; img_size=&#8221;full&#8221;][\/vc_column][vc_column width=&#8221;1\/6&#8243;][vc_single_image image=&#8221;368&#8243; img_size=&#8221;full&#8221;][\/vc_column][\/vc_row][vc_row][vc_column <a class=\"read-more\" href=\"https:\/\/ankaratarimdanismanlik.com\/en\/referanslarimiz\/\">Read More<\/a><\/p>\n","protected":false},"author":1,"featured_media":0,"parent":0,"menu_order":0,"comment_status":"closed","ping_status":"closed","template":"templates\/full-width-page.php","meta":{"om_disable_all_campaigns":false,"_monsterinsights_skip_tracking":false,"_monsterinsights_sitenote_active":false,"_monsterinsights_sitenote_note":"","_monsterinsights_sitenote_category":0},"aioseo_notices":[],"_links":{"self":[{"href":"https:\/\/ankaratarimdanismanlik.com\/en\/wp-json\/wp\/v2\/pages\/293"}],"collection":[{"href":"https:\/\/ankaratarimdanismanlik.com\/en\/wp-json\/wp\/v2\/pages"}],"about":[{"href":"https:\/\/ankaratarimdanismanlik.com\/en\/wp-json\/wp\/v2\/types\/page"}],"author":[{"embeddable":true,"href":"https:\/\/ankaratarimdanismanlik.com\/en\/wp-json\/wp\/v2\/users\/1"}],"replies":[{"embeddable":true,"href":"https:\/\/ankaratarimdanismanlik.com\/en\/wp-json\/wp\/v2\/comments?post=293"}],"version-history":[{"count":10,"href":"https:\/\/ankaratarimdanismanlik.com\/en\/wp-json\/wp\/v2\/pages\/293\/revisions"}],"predecessor-version":[{"id":765,"href":"https:\/\/ankaratarimdanismanlik.com\/en\/wp-json\/wp\/v2\/pages\/293\/revisions\/765"}],"wp:attachment":[{"href":"https:\/\/ankaratarimdanismanlik.com\/en\/wp-json\/wp\/v2\/media?parent=293"}],"curies":[{"name":"wp","href":"https:\/\/api.w.org\/{rel}","templated":true}]}}