{"id":163,"date":"2024-08-05T14:00:08","date_gmt":"2024-08-05T11:00:08","guid":{"rendered":"http:\/\/ankaratarimdanismanlik.com\/?page_id=163"},"modified":"2024-08-05T14:45:43","modified_gmt":"2024-08-05T11:45:43","slug":"formlar","status":"publish","type":"page","link":"https:\/\/ankaratarimdanismanlik.com\/en\/formlar\/","title":{"rendered":"Forms"},"content":{"rendered":"<p><\/p>\n<h4 style=\"text-align: left;\">We fill out the required documents and forms for you, we follow and we terminating.<\/h4>\n<ul>\n<li><a href=\"http:\/\/ankaratarimdanismanlik.com\/wp-content\/uploads\/2017\/01\/DEZENFEKTAN-1.pdf\">Y\u00fczey dezenfektanlar\u0131 \u00fcretim izninde istenilen belgeler<\/a><\/li>\n<li><a href=\"http:\/\/ankaratarimdanismanlik.com\/wp-content\/uploads\/2017\/01\/Endustriyel_Tasarim-1.pdf\">End\u00fcstriyel tasar\u0131m ba\u015fvuru belgeleri<\/a><\/li>\n<li><a href=\"http:\/\/ankaratarimdanismanlik.com\/wp-content\/uploads\/2017\/01\/GIDA_ITHALATI-1.pdf\">G\u0131da maddelerinin ithalat\u0131na dair istenen belgeler<\/a><\/li>\n<li><a href=\"http:\/\/ankaratarimdanismanlik.com\/wp-content\/uploads\/2017\/01\/Gubre_Basvuru_Belgeleri-2.pdf\">G\u00fcbre \u00fcretimi, ithalat\u0131, lisans\u0131 ve tescili i\u00e7in gerekli bilgiler<\/a><\/li>\n<li><a href=\"http:\/\/ankaratarimdanismanlik.com\/wp-content\/uploads\/2017\/01\/Havuz_Kimyasallari-1.pdf\">Havuz kimyasallar\u0131 ithalat\u0131 i\u00e7in gerekli istenen bilgi ve belgeler<\/a><\/li>\n<li><a href=\"http:\/\/ankaratarimdanismanlik.com\/wp-content\/uploads\/2017\/01\/LAVABO_ACICI-1.pdf\">Kire\u00e7 \u00e7\u00f6z\u00fcc\u00fc, tuz ruhu ve lavabo a\u00e7\u0131c\u0131 \u00fcr\u00fcnlerin \u00fcretimi i\u00e7in istenen belgeler<\/a><\/li>\n<li><a href=\"http:\/\/ankaratarimdanismanlik.com\/wp-content\/uploads\/2017\/01\/MARKA_TESCIL_BELGESI-2.pdf\">Marka tescil belgesi ba\u015fvuru evraklar\u0131<\/a><\/li>\n<li><a href=\"http:\/\/ankaratarimdanismanlik.com\/wp-content\/uploads\/2017\/01\/Zirai_Ilac_Basvuru_Belgeleri-2.pdf\">Zirai ila\u00e7 ba\u015fvuru belgeleri<\/a><\/li>\n<li><a href=\"http:\/\/ankaratarimdanismanlik.com\/wp-content\/uploads\/2017\/01\/zirai_ilac_etiket_formati-1.pdf\">Zirai ila\u00e7 etiket format\u0131<\/a><\/li>\n<li><a href=\"http:\/\/ankaratarimdanismanlik.com\/wp-content\/uploads\/2017\/01\/tesvik_evraklari_sahis-1.pdf\">Te\u015fvik evraklar\u0131 (\u015eah\u0131s)<\/a><\/li>\n<li><a href=\"http:\/\/ankaratarimdanismanlik.com\/wp-content\/uploads\/2017\/01\/tesvik_evraklari_guncel_sirket-1.pdf\">Te\u015fvik evraklar\u0131 (\u015eirket)<\/a><\/li>\n<li><a href=\"http:\/\/ankaratarimdanismanlik.com\/wp-content\/uploads\/2017\/01\/Patent-1.pdf\">Patent ba\u015fvuru belgeleri<\/a><\/li>\n<\/ul>\n<p>&nbsp;<\/p>","protected":false},"excerpt":{"rendered":"<p>We fill out the required documents and forms for you, we follow and we terminating. Y\u00fczey dezenfektanlar\u0131 \u00fcretim izninde istenilen belgeler End\u00fcstriyel tasar\u0131m ba\u015fvuru belgeleri G\u0131da maddelerinin ithalat\u0131na dair istenen belgeler G\u00fcbre \u00fcretimi, ithalat\u0131, lisans\u0131 ve tescili i\u00e7in gerekli bilgiler Havuz kimyasallar\u0131 ithalat\u0131 i\u00e7in gerekli istenen bilgi ve belgeler Kire\u00e7 \u00e7\u00f6z\u00fcc\u00fc, tuz ruhu ve lavabo <a class=\"read-more\" href=\"https:\/\/ankaratarimdanismanlik.com\/en\/formlar\/\">Read More<\/a><\/p>\n","protected":false},"author":1,"featured_media":0,"parent":0,"menu_order":0,"comment_status":"closed","ping_status":"closed","template":"templates\/full-width-page.php","meta":{"om_disable_all_campaigns":false,"_monsterinsights_skip_tracking":false,"_monsterinsights_sitenote_active":false,"_monsterinsights_sitenote_note":"","_monsterinsights_sitenote_category":0},"aioseo_notices":[],"_links":{"self":[{"href":"https:\/\/ankaratarimdanismanlik.com\/en\/wp-json\/wp\/v2\/pages\/163"}],"collection":[{"href":"https:\/\/ankaratarimdanismanlik.com\/en\/wp-json\/wp\/v2\/pages"}],"about":[{"href":"https:\/\/ankaratarimdanismanlik.com\/en\/wp-json\/wp\/v2\/types\/page"}],"author":[{"embeddable":true,"href":"https:\/\/ankaratarimdanismanlik.com\/en\/wp-json\/wp\/v2\/users\/1"}],"replies":[{"embeddable":true,"href":"https:\/\/ankaratarimdanismanlik.com\/en\/wp-json\/wp\/v2\/comments?post=163"}],"version-history":[{"count":5,"href":"https:\/\/ankaratarimdanismanlik.com\/en\/wp-json\/wp\/v2\/pages\/163\/revisions"}],"predecessor-version":[{"id":515,"href":"https:\/\/ankaratarimdanismanlik.com\/en\/wp-json\/wp\/v2\/pages\/163\/revisions\/515"}],"wp:attachment":[{"href":"https:\/\/ankaratarimdanismanlik.com\/en\/wp-json\/wp\/v2\/media?parent=163"}],"curies":[{"name":"wp","href":"https:\/\/api.w.org\/{rel}","templated":true}]}}