{"id":12,"date":"2017-01-05T17:21:03","date_gmt":"2017-01-05T14:21:03","guid":{"rendered":"http:\/\/ankaratarimdanismanlik.com\/home\/"},"modified":"2025-06-17T10:23:49","modified_gmt":"2025-06-17T07:23:49","slug":"home","status":"publish","type":"page","link":"https:\/\/ankaratarimdanismanlik.com\/en\/","title":{"rendered":"Home"},"content":{"rendered":"<p>[vc_row full_width=&#8221;stretch_row&#8221; css=&#8221;.vc_custom_1497091247830{padding-top: 130px !important;padding-bottom: 130px !important;background-image: url(http:\/\/ankaratarimdanismanlik.com\/wp-content\/uploads\/2017\/02\/Ba\u015fl\u0131ks\u0131z-1.png?id=469) !important;}&#8221;][vc_column][vc_column_text css=&#8221;.vc_custom_1497091483621{padding-right: 100px !important;}&#8221;]<\/p>\n<h1 style=\"text-align: center;\"><span style=\"color: #ffffff;\">ANKARA TARIM DANI\u015eMANLIK<\/span><\/h1>\n<p>[\/vc_column_text][vc_row_inner][vc_column_inner width=&#8221;1\/2&#8243;][vc_btn title=&#8221;LEGISLATION AND DOCUMENTS&#8221; color=&#8221;success&#8221; align=&#8221;right&#8221; link=&#8221;url:http%3A%2F%2Fankaratarimdanismanlik.com%2Fproducers%2F||target:%20_blank|&#8221;][\/vc_column_inner][vc_column_inner width=&#8221;1\/2&#8243;][vc_btn title=&#8221;AREAS OF ACTIVITY&#8221; color=&#8221;success&#8221; align=&#8221;left&#8221; link=&#8221;url:http%3A%2F%2Fankaratarimdanismanlik.com%2Fretailers%2F||target:%20_blank|&#8221;][\/vc_column_inner][\/vc_row_inner][\/vc_column][\/vc_row][vc_row][vc_column][vc_column_text]<\/p>\n<h2 class=\"home-title\" style=\"text-align: center;\"><strong>About Us<\/strong><\/h2>\n<div class=\"container\" style=\"text-align: center;\">\n<p>Our firm which is Ankara Tar\u0131m Dan\u0131\u015fmanl\u0131k serves to honorable Members of Agriculture Industry for 20 years in terms of technical and administrative consultation. By using our knowledge and experiences while serving we can solve your problems and complete your official applications on time.<\/p>\n<p align=\"justify\">Our company\u2019s basic principle is to intervene in subjects on time and therefore save our client\u2019s time, their most valuable thing.<\/p>\n<p align=\"justify\">With confidence and support from clients and from our experiences, we prepare application files for Organic and Chemical Fertilizer Registration, Licences, Permission for Production, Permission for Imports and Exports, Seed, Documents for Control, TSE Exemption Certificate, Agricultural Medicine and Human Medicine Licenses, Plant Growth Regulators, Operating Certificate, Trademarks and Patents, we follow the process and result the application in a short time.<\/p>\n<p align=\"justify\">Our company has grown stronger by recruiting new employees who are dynamic and experts on their subjects. Our greatest wish for our clients is to benefit from this dynamism and experience. Moreover, our company has won approval of its clients and expanding its potential clients everyday. Approximately 80% of the industry is on our customer portfolio. As you may see from our references, we are consultants for 1136 firms with our 12-people expert crew.<\/p>\n<\/div>\n<h2 class=\"home-title\" style=\"text-align: center; margin-top: 60px;\"><strong>News<\/strong><\/h2>\n<p>[\/vc_column_text][\/vc_column][\/vc_row][vc_row content_placement=&#8221;middle&#8221; parallax=&#8221;content-moving&#8221; parallax_image=&#8221;494&#8243; parallax_speed_bg=&#8221;2.5&#8243;][vc_column][vc_row_inner el_class=&#8221;container&#8221;][vc_column_inner][vc_basic_grid post_type=&#8221;post&#8221; max_items=&#8221;10&#8243; item=&#8221;256&#8243; grid_id=&#8221;vc_gid:1497091463788-2274fbe4-12f7-4&#8243; taxonomies=&#8221;1&#8243;][\/vc_column_inner][\/vc_row_inner][\/vc_column][\/vc_row][vc_row][vc_column][vc_column_text]<\/p>\n<h2 class=\"home-title\" style=\"text-align: center;\"><a href=\"http:\/\/ankaratarimdanismanlik.com\/referanslarimiz\/\"><strong>Our References<\/strong><\/a><\/h2>\n<p>[\/vc_column_text][vc_row_inner el_class=&#8221;pb50 pt30 container marginauto&#8221;][vc_column_inner width=&#8221;1\/6&#8243;][vc_single_image image=&#8221;325&#8243; img_size=&#8221;full&#8221;][\/vc_column_inner][vc_column_inner width=&#8221;1\/6&#8243;][vc_single_image image=&#8221;315&#8243; img_size=&#8221;full&#8221;][\/vc_column_inner][vc_column_inner width=&#8221;1\/6&#8243;][vc_single_image image=&#8221;383&#8243; img_size=&#8221;full&#8221;][\/vc_column_inner][vc_column_inner width=&#8221;1\/6&#8243;][vc_single_image image=&#8221;384&#8243; img_size=&#8221;full&#8221;][\/vc_column_inner][vc_column_inner width=&#8221;1\/6&#8243;][vc_single_image image=&#8221;347&#8243; img_size=&#8221;full&#8221;][\/vc_column_inner][vc_column_inner width=&#8221;1\/6&#8243;][vc_single_image image=&#8221;345&#8243; img_size=&#8221;full&#8221;][\/vc_column_inner][\/vc_row_inner][vc_row_inner el_class=&#8221;pb50 pt30 container marginauto&#8221;][vc_column_inner width=&#8221;1\/6&#8243;][vc_single_image image=&#8221;314&#8243; img_size=&#8221;full&#8221;][\/vc_column_inner][vc_column_inner width=&#8221;1\/6&#8243;][vc_single_image image=&#8221;324&#8243; img_size=&#8221;full&#8221;][\/vc_column_inner][vc_column_inner width=&#8221;1\/6&#8243;][vc_single_image image=&#8221;385&#8243; img_size=&#8221;full&#8221;][\/vc_column_inner][vc_column_inner width=&#8221;1\/6&#8243;][vc_single_image image=&#8221;386&#8243; img_size=&#8221;full&#8221;][\/vc_column_inner][vc_column_inner width=&#8221;1\/6&#8243;][vc_single_image image=&#8221;387&#8243; img_size=&#8221;full&#8221;][\/vc_column_inner][vc_column_inner width=&#8221;1\/6&#8243;][vc_single_image image=&#8221;327&#8243; img_size=&#8221;full&#8221;][\/vc_column_inner][\/vc_row_inner][vc_row_inner el_class=&#8221;pb50 pt30 container marginauto&#8221;][vc_column_inner width=&#8221;1\/6&#8243;][vc_single_image image=&#8221;346&#8243; img_size=&#8221;full&#8221;][\/vc_column_inner][vc_column_inner width=&#8221;1\/6&#8243;][vc_single_image image=&#8221;321&#8243; img_size=&#8221;full&#8221;][\/vc_column_inner][vc_column_inner width=&#8221;1\/6&#8243;][vc_single_image image=&#8221;361&#8243; img_size=&#8221;full&#8221;][\/vc_column_inner][vc_column_inner width=&#8221;1\/6&#8243;][vc_single_image image=&#8221;348&#8243; img_size=&#8221;full&#8221;][\/vc_column_inner][vc_column_inner width=&#8221;1\/6&#8243;][vc_single_image image=&#8221;349&#8243; img_size=&#8221;full&#8221;][\/vc_column_inner][vc_column_inner width=&#8221;1\/6&#8243;][vc_single_image image=&#8221;368&#8243; img_size=&#8221;full&#8221;][\/vc_column_inner][\/vc_row_inner][\/vc_column][\/vc_row]<\/p>","protected":false},"excerpt":{"rendered":"<p>[vc_row full_width=&#8221;stretch_row&#8221; css=&#8221;.vc_custom_1497091247830{padding-top: 130px !important;padding-bottom: 130px !important;background-image: url(http:\/\/ankaratarimdanismanlik.com\/wp-content\/uploads\/2017\/02\/Ba\u015fl\u0131ks\u0131z-1.png?id=469) !important;}&#8221;][vc_column][vc_column_text css=&#8221;.vc_custom_1497091483621{padding-right: 100px !important;}&#8221;] ANKARA TARIM DANI\u015eMANLIK [\/vc_column_text][vc_row_inner][vc_column_inner width=&#8221;1\/2&#8243;][vc_btn title=&#8221;LEGISLATION AND DOCUMENTS&#8221; color=&#8221;success&#8221; align=&#8221;right&#8221; link=&#8221;url:http%3A%2F%2Fankaratarimdanismanlik.com%2Fproducers%2F||target:%20_blank|&#8221;][\/vc_column_inner][vc_column_inner width=&#8221;1\/2&#8243;][vc_btn title=&#8221;AREAS OF ACTIVITY&#8221; color=&#8221;success&#8221; align=&#8221;left&#8221; link=&#8221;url:http%3A%2F%2Fankaratarimdanismanlik.com%2Fretailers%2F||target:%20_blank|&#8221;][\/vc_column_inner][\/vc_row_inner][\/vc_column][\/vc_row][vc_row][vc_column][vc_column_text] About Us Our firm which is Ankara Tar\u0131m Dan\u0131\u015fmanl\u0131k serves to honorable Members of Agriculture Industry for 20 years in terms of technical and administrative <a class=\"read-more\" href=\"https:\/\/ankaratarimdanismanlik.com\/en\/\">Read More<\/a><\/p>\n","protected":false},"author":1,"featured_media":0,"parent":0,"menu_order":0,"comment_status":"closed","ping_status":"closed","template":"templates\/home.php","meta":{"om_disable_all_campaigns":false,"_monsterinsights_skip_tracking":false,"_monsterinsights_sitenote_active":false,"_monsterinsights_sitenote_note":"","_monsterinsights_sitenote_category":0},"aioseo_notices":[],"_links":{"self":[{"href":"https:\/\/ankaratarimdanismanlik.com\/en\/wp-json\/wp\/v2\/pages\/12"}],"collection":[{"href":"https:\/\/ankaratarimdanismanlik.com\/en\/wp-json\/wp\/v2\/pages"}],"about":[{"href":"https:\/\/ankaratarimdanismanlik.com\/en\/wp-json\/wp\/v2\/types\/page"}],"author":[{"embeddable":true,"href":"https:\/\/ankaratarimdanismanlik.com\/en\/wp-json\/wp\/v2\/users\/1"}],"replies":[{"embeddable":true,"href":"https:\/\/ankaratarimdanismanlik.com\/en\/wp-json\/wp\/v2\/comments?post=12"}],"version-history":[{"count":12,"href":"https:\/\/ankaratarimdanismanlik.com\/en\/wp-json\/wp\/v2\/pages\/12\/revisions"}],"predecessor-version":[{"id":758,"href":"https:\/\/ankaratarimdanismanlik.com\/en\/wp-json\/wp\/v2\/pages\/12\/revisions\/758"}],"wp:attachment":[{"href":"https:\/\/ankaratarimdanismanlik.com\/en\/wp-json\/wp\/v2\/media?parent=12"}],"curies":[{"name":"wp","href":"https:\/\/api.w.org\/{rel}","templated":true}]}}