{"id":11,"date":"2024-08-05T14:00:03","date_gmt":"2024-08-05T11:00:03","guid":{"rendered":"http:\/\/ankaratarimdanismanlik.com\/contact-us\/"},"modified":"2024-08-05T14:55:17","modified_gmt":"2024-08-05T11:55:17","slug":"iletisim","status":"publish","type":"page","link":"https:\/\/ankaratarimdanismanlik.com\/en\/iletisim\/","title":{"rendered":"Contact"},"content":{"rendered":"<p>[vc_row][vc_column width=&#8221;1\/2&#8243;][vc_column_text]<\/p>\n<h5>Contact Information<\/h5>\n<p><iframe loading=\"lazy\" style=\"border: 0;\" src=\"https:\/\/www.google.com\/maps\/embed?pb=!1m18!1m12!1m3!1d3058.7235580656657!2d32.767324515568575!3d39.94757279196199!2m3!1f0!2f0!3f0!3m2!1i1024!2i768!4f13.1!3m3!1m2!1s0x14d348fde7a5123d%3A0xf19f1cbe0a857d35!2zQW5rYXJhIFRhcsSxbSBEYW7EscWfbWFubMSxaw!5e0!3m2!1str!2str!4v1483714177746\" width=\"100%\" height=\"250\" frameborder=\"0\" allowfullscreen=\"allowfullscreen\"><\/iframe><\/p>\n<div class=\"address-single\"><i class=\"fa fa-map-marker\"><\/i><br \/>\nMacun Dist., Bat\u0131 Boul., ATB \u0130\u015f Merkezi<br \/>\nNo: 1 \/ 298 Yenimahalle \/ ANKARA<\/div>\n<div class=\"address-single\"><i class=\"fa fa-phone\"><\/i><br \/>\n<b>Tel: +<\/b>90312 384 75 51<br \/>\n<b>Gsm: +<\/b>90532 633 83 37<br \/>\n<b>Fax: +<\/b>90312 384 75 52<\/div>\n<div class=\"address-single\"><\/div>\n<div class=\"address-single\"><i class=\"fa fa-envelope-o\"><\/i><br \/>\n<a href=\"mailto:info@ankaratarimdanismanlik.com\">info@ankaratarimdanismanlik.com<\/a><br \/>\n<a href=\"mailto:metinocaktan@ankaratarimdanismanlik.com\">metinocaktan@ankaratarimdanismanlik.com<\/a><br \/>\n<a href=\"mailto:burak@ankaratarimdanismanlik.com\">burak@ankaratarimdanismanlik.com<\/a><\/div>\n<p>[\/vc_column_text][\/vc_column]<\/p>\n<p>[vc_column width=&#8221;1\/2&#8243;][vc_column_text]<\/p>\n<h5>Contact\u00a0Form<\/h5>\n<p>You can contact us using the form.<br \/>\n<div role=\"form\" class=\"wpcf7\" id=\"wpcf7-f448-o2\" lang=\"tr-TR\" dir=\"ltr\">\n<div class=\"screen-reader-response\"><p role=\"status\" aria-live=\"polite\" aria-atomic=\"true\"><\/p> <ul><\/ul><\/div>\n<form action=\"\/en\/wp-json\/wp\/v2\/pages\/11#wpcf7-f448-o2\" method=\"post\" class=\"wpcf7-form init\" novalidate=\"novalidate\" data-status=\"init\">\n<div style=\"display: none;\">\n<input type=\"hidden\" name=\"_wpcf7\" value=\"448\" \/>\n<input type=\"hidden\" name=\"_wpcf7_version\" value=\"5.6.4\" \/>\n<input type=\"hidden\" name=\"_wpcf7_locale\" value=\"tr_TR\" \/>\n<input type=\"hidden\" name=\"_wpcf7_unit_tag\" value=\"wpcf7-f448-o2\" \/>\n<input type=\"hidden\" name=\"_wpcf7_container_post\" value=\"0\" \/>\n<input type=\"hidden\" name=\"_wpcf7_posted_data_hash\" value=\"\" \/>\n<\/div>\n<p><label> Ad\u0131n\u0131z (gerekli)<br \/>\n    <span class=\"wpcf7-form-control-wrap\" data-name=\"your-name\"><input type=\"text\" name=\"your-name\" value=\"\" size=\"40\" class=\"wpcf7-form-control wpcf7-text wpcf7-validates-as-required\" aria-required=\"true\" aria-invalid=\"false\" \/><\/span> <\/label><\/p>\n<p><label> Epostan\u0131z (gerekli)<br \/>\n    <span class=\"wpcf7-form-control-wrap\" data-name=\"your-email\"><input type=\"email\" name=\"your-email\" value=\"\" size=\"40\" class=\"wpcf7-form-control wpcf7-text wpcf7-email wpcf7-validates-as-required wpcf7-validates-as-email\" aria-required=\"true\" aria-invalid=\"false\" \/><\/span> <\/label><\/p>\n<p><label> Konu<br \/>\n    <span class=\"wpcf7-form-control-wrap\" data-name=\"your-subject\"><input type=\"text\" name=\"your-subject\" value=\"\" size=\"40\" class=\"wpcf7-form-control wpcf7-text\" aria-invalid=\"false\" \/><\/span> <\/label><\/p>\n<p><label> \u0130letiniz<br \/>\n    <span class=\"wpcf7-form-control-wrap\" data-name=\"your-message\"><textarea name=\"your-message\" cols=\"40\" rows=\"10\" class=\"wpcf7-form-control wpcf7-textarea\" aria-invalid=\"false\"><\/textarea><\/span> <\/label><\/p>\n<p><input type=\"submit\" value=\"G\u00f6nder\" class=\"wpcf7-form-control has-spinner wpcf7-submit\" \/><\/p>\n<div class=\"wpcf7-response-output\" aria-hidden=\"true\"><\/div><\/form><\/div><br \/>\n[\/vc_column_text][\/vc_column][\/vc_row]<\/p>","protected":false},"excerpt":{"rendered":"<p>[vc_row][vc_column width=&#8221;1\/2&#8243;][vc_column_text] Contact Information Macun Dist., Bat\u0131 Boul., ATB \u0130\u015f Merkezi No: 1 \/ 298 Yenimahalle \/ ANKARA Tel: +90312 384 75 51 Gsm: +90532 633 83 37 Fax: +90312 384 75 52 info@ankaratarimdanismanlik.com metinocaktan@ankaratarimdanismanlik.com burak@ankaratarimdanismanlik.com [\/vc_column_text][\/vc_column] [vc_column width=&#8221;1\/2&#8243;][vc_column_text] Contact\u00a0Form You can contact us using the form. [\/vc_column_text][\/vc_column][\/vc_row]<\/p>\n","protected":false},"author":1,"featured_media":0,"parent":0,"menu_order":0,"comment_status":"closed","ping_status":"closed","template":"templates\/about-us.php","meta":{"om_disable_all_campaigns":false,"_monsterinsights_skip_tracking":false,"_monsterinsights_sitenote_active":false,"_monsterinsights_sitenote_note":"","_monsterinsights_sitenote_category":0},"aioseo_notices":[],"_links":{"self":[{"href":"https:\/\/ankaratarimdanismanlik.com\/en\/wp-json\/wp\/v2\/pages\/11"}],"collection":[{"href":"https:\/\/ankaratarimdanismanlik.com\/en\/wp-json\/wp\/v2\/pages"}],"about":[{"href":"https:\/\/ankaratarimdanismanlik.com\/en\/wp-json\/wp\/v2\/types\/page"}],"author":[{"embeddable":true,"href":"https:\/\/ankaratarimdanismanlik.com\/en\/wp-json\/wp\/v2\/users\/1"}],"replies":[{"embeddable":true,"href":"https:\/\/ankaratarimdanismanlik.com\/en\/wp-json\/wp\/v2\/comments?post=11"}],"version-history":[{"count":5,"href":"https:\/\/ankaratarimdanismanlik.com\/en\/wp-json\/wp\/v2\/pages\/11\/revisions"}],"predecessor-version":[{"id":587,"href":"https:\/\/ankaratarimdanismanlik.com\/en\/wp-json\/wp\/v2\/pages\/11\/revisions\/587"}],"wp:attachment":[{"href":"https:\/\/ankaratarimdanismanlik.com\/en\/wp-json\/wp\/v2\/media?parent=11"}],"curies":[{"name":"wp","href":"https:\/\/api.w.org\/{rel}","templated":true}]}}